{"id":1812,"date":"2022-08-01T11:13:00","date_gmt":"2022-08-01T11:13:00","guid":{"rendered":"http:\/\/tunisie-rse.com\/?page_id=1812"},"modified":"2022-08-01T11:15:24","modified_gmt":"2022-08-01T11:15:24","slug":"la-communication-responsable-dans-lrse","status":"publish","type":"page","link":"https:\/\/tunisie-rse.com\/index.php\/la-communication-responsable-dans-lrse\/","title":{"rendered":"La communication responsable dans L\u2019RSE"},"content":{"rendered":"<div data-colibri-id=\"1812-c1\" class=\"style-878 style-local-1812-c1 position-relative\">\n  <!---->\n  <div data-colibri-component=\"section\" data-colibri-id=\"1812-c2\" id=\"reusable-sections\" class=\"h-section h-section-global-spacing d-flex align-items-lg-center align-items-md-center align-items-center style-879 style-local-1812-c2 position-relative\">\n    <!---->\n    <!---->\n    <div class=\"h-section-grid-container h-section-fluid-container\">\n      <!---->\n      <div data-colibri-id=\"1812-c3\" class=\"h-row-container gutters-row-lg-0 gutters-row-md-0 gutters-row-0 gutters-row-v-lg-0 gutters-row-v-md-0 gutters-row-v-0 style-880 style-local-1812-c3 position-relative\">\n        <!---->\n        <div class=\"h-row justify-content-lg-center justify-content-md-center justify-content-center align-items-lg-stretch align-items-md-stretch align-items-stretch gutters-col-lg-0 gutters-col-md-0 gutters-col-0 gutters-col-v-lg-0 gutters-col-v-md-0 gutters-col-v-0\">\n          <!---->\n          <div class=\"h-column h-column-container d-flex h-col-lg-auto h-col-md-auto h-col-auto style-881-outer style-local-1812-c4-outer\">\n            <div data-colibri-id=\"1812-c4\" class=\"d-flex h-flex-basis h-column__inner h-px-lg-0 h-px-md-0 h-px-0 v-inner-lg-0 v-inner-md-0 v-inner-0 style-881 style-local-1812-c4 position-relative\">\n              <!---->\n              <!---->\n              <div class=\"w-100 h-y-container h-column__content h-column__v-align flex-basis-100 align-self-lg-start align-self-md-start align-self-start\">\n                <!---->\n                <div data-colibri-id=\"1812-c5\" class=\"h-global-transition-all h-heading style-882 style-local-1812-c5 position-relative h-element\">\n                  <!---->\n                  <div class=\"h-heading__outer style-882 style-local-1812-c5\">\n                    <!---->\n                    <!---->\n                    <h2 class=\"\"><span style=\"font-weight: 600;\">La communication responsable dans L\u2019RSE<\/span><\/h2>\n                  <\/div>\n                <\/div>\n                <div data-colibri-id=\"1812-c6\" class=\"h-text h-text-component style-883 style-local-1812-c6 position-relative h-element\">\n                  <!---->\n                  <!---->\n                  <div class=\"\">\n                    <p>La communication responsable, ou communication durable ou encore \u00e9co-communication, renvoie \u00e0 une communication consistant \u00e0 prendre en consid\u00e9ration les aspects soci\u00e9taux et environnementaux pour toute forme de communication (publicit\u00e9,\n                      marketing, relations publiques\u2026) des entreprises ou autres organisations.<\/p>\n                    <p>\n                      <br>\n                    <\/p>\n                  <\/div>\n                <\/div>\n              <\/div>\n            <\/div>\n          <\/div>\n          <div class=\"h-column h-column-container d-flex h-col-lg-auto h-col-md-auto h-col-auto style-886-outer style-local-1812-c9-outer\">\n            <div data-colibri-id=\"1812-c9\" class=\"d-flex h-flex-basis h-column__inner h-ui-empty-state-container h-px-lg-0 h-px-md-0 h-px-0 v-inner-lg-0 v-inner-md-0 v-inner-0 style-886 style-local-1812-c9 position-relative\">\n              <!---->\n              <!---->\n              <div class=\"w-100 h-y-container h-column__content h-column__v-align flex-basis-100\">\n                <!---->\n              <\/div>\n            <\/div>\n          <\/div>\n        <\/div>\n      <\/div>\n      <div data-colibri-id=\"1812-c10\" class=\"h-row-container gutters-row-lg-2 gutters-row-md-2 gutters-row-0 gutters-row-v-lg-2 gutters-row-v-md-2 gutters-row-v-2 style-887 style-local-1812-c10 position-relative\">\n        <!---->\n        <div class=\"h-row justify-content-lg-center justify-content-md-center justify-content-center align-items-lg-stretch align-items-md-stretch align-items-stretch gutters-col-lg-2 gutters-col-md-2 gutters-col-0 gutters-col-v-lg-2 gutters-col-v-md-2 gutters-col-v-2\">\n          <!---->\n          <div class=\"h-column h-column-container d-flex h-col-lg-auto h-col-md-auto h-col-auto style-888-outer style-local-1812-c11-outer\">\n            <div data-colibri-id=\"1812-c11\" class=\"d-flex h-flex-basis h-column__inner h-px-lg-2 h-px-md-2 h-px-2 v-inner-lg-2 v-inner-md-2 v-inner-2 style-888 style-local-1812-c11 position-relative\">\n              <!---->\n              <!---->\n              <div class=\"w-100 h-y-container h-column__content h-column__v-align flex-basis-100 align-self-lg-start align-self-md-start align-self-start\">\n                <!---->\n                <div data-colibri-id=\"1812-c12\" class=\"h-text h-text-component style-889 style-local-1812-c12 position-relative h-element\">\n                  <!---->\n                  <!---->\n                  <div class=\"\">\n                    <p>La communication responsable s\u2019entend \u00e0 la fois sur le fond et sur la forme. Sur le fond, il s\u2019agit d\u2019une communication qui tend \u00e0 valoriser les engagements de l\u2019entit\u00e9 communicante dans les domaines environnementaux ou sociaux, ainsi\n                      qu\u2019\u00e0 responsabiliser les destinataires du message (consommateurs, citoyens\u2026). La communication responsable vise aussi \u00e0 d\u00e9velopper une communication plus \u00e9cologique et responsable sur la forme : support de communication \u00e9co-con\u00e7us\n                      par exemple, communication inclusive\u2026<\/p>\n                    <p>La d\u00e9marche de Communication responsable, par son traitement global de la cha\u00eene de production et de diffusion du message, s\u2019int\u00e8gre aux enjeux transversaux de la RSE et du D\u00e9veloppement durable, et fait appel aux techniques de l\u2019\u00c9coconception,\n                      de l\u2019ACV et du Bilan Carbone \u00ae.<\/p>\n                  <\/div>\n                <\/div>\n              <\/div>\n            <\/div>\n          <\/div>\n        <\/div>\n      <\/div>\n    <\/div>\n  <\/div>\n<\/div>","protected":false},"excerpt":{"rendered":"<p>La communication responsable dans L\u2019RSE La communication responsable, ou communication durable ou encore \u00e9co-communication, renvoie \u00e0 une communication consistant \u00e0 prendre en consid\u00e9ration les aspects soci\u00e9taux et environnementaux pour toute forme de communication (publicit\u00e9, marketing, relations publiques\u2026) des entreprises ou autres organisations. La communication responsable s\u2019entend \u00e0 la fois sur le fond et sur la [&hellip;]<\/p>\n","protected":false},"author":1,"featured_media":0,"parent":0,"menu_order":0,"comment_status":"closed","ping_status":"closed","template":"page-templates\/full-width-page.php","meta":{"footnotes":""},"class_list":["post-1812","page","type-page","status-publish","hentry"],"yoast_head":"<!-- This site is optimized with the Yoast SEO plugin v23.1 - https:\/\/yoast.com\/wordpress\/plugins\/seo\/ -->\n<title>La communication responsable dans L\u2019RSE - RSE Tunisie<\/title>\n<meta name=\"robots\" content=\"index, follow, max-snippet:-1, max-image-preview:large, max-video-preview:-1\" \/>\n<link rel=\"canonical\" href=\"https:\/\/tunisie-rse.com\/index.php\/la-communication-responsable-dans-lrse\/\" \/>\n<meta property=\"og:locale\" content=\"fr_FR\" \/>\n<meta property=\"og:type\" content=\"article\" \/>\n<meta property=\"og:title\" content=\"La communication responsable dans L\u2019RSE - RSE Tunisie\" \/>\n<meta property=\"og:description\" content=\"La communication responsable dans L\u2019RSE La communication responsable, ou communication durable ou encore \u00e9co-communication, renvoie \u00e0 une communication consistant \u00e0 prendre en consid\u00e9ration les aspects soci\u00e9taux et environnementaux pour toute forme de communication (publicit\u00e9, marketing, relations publiques\u2026) des entreprises ou autres organisations. La communication responsable s\u2019entend \u00e0 la fois sur le fond et sur la [&hellip;]\" \/>\n<meta property=\"og:url\" content=\"https:\/\/tunisie-rse.com\/index.php\/la-communication-responsable-dans-lrse\/\" \/>\n<meta property=\"og:site_name\" content=\"RSE Tunisie\" \/>\n<meta property=\"article:modified_time\" content=\"2022-08-01T11:15:24+00:00\" \/>\n<meta name=\"twitter:card\" content=\"summary_large_image\" \/>\n<meta name=\"twitter:label1\" content=\"Dur\u00e9e de lecture estim\u00e9e\" \/>\n\t<meta name=\"twitter:data1\" content=\"1 minute\" \/>\n<script type=\"application\/ld+json\" class=\"yoast-schema-graph\">{\"@context\":\"https:\/\/schema.org\",\"@graph\":[{\"@type\":\"WebPage\",\"@id\":\"https:\/\/tunisie-rse.com\/index.php\/la-communication-responsable-dans-lrse\/\",\"url\":\"https:\/\/tunisie-rse.com\/index.php\/la-communication-responsable-dans-lrse\/\",\"name\":\"La communication responsable dans L\u2019RSE - RSE Tunisie\",\"isPartOf\":{\"@id\":\"https:\/\/tunisie-rse.com\/#website\"},\"datePublished\":\"2022-08-01T11:13:00+00:00\",\"dateModified\":\"2022-08-01T11:15:24+00:00\",\"breadcrumb\":{\"@id\":\"https:\/\/tunisie-rse.com\/index.php\/la-communication-responsable-dans-lrse\/#breadcrumb\"},\"inLanguage\":\"fr-FR\",\"potentialAction\":[{\"@type\":\"ReadAction\",\"target\":[\"https:\/\/tunisie-rse.com\/index.php\/la-communication-responsable-dans-lrse\/\"]}]},{\"@type\":\"BreadcrumbList\",\"@id\":\"https:\/\/tunisie-rse.com\/index.php\/la-communication-responsable-dans-lrse\/#breadcrumb\",\"itemListElement\":[{\"@type\":\"ListItem\",\"position\":1,\"name\":\"Accueil\",\"item\":\"https:\/\/tunisie-rse.com\/\"},{\"@type\":\"ListItem\",\"position\":2,\"name\":\"La communication responsable dans L\u2019RSE\"}]},{\"@type\":\"WebSite\",\"@id\":\"https:\/\/tunisie-rse.com\/#website\",\"url\":\"https:\/\/tunisie-rse.com\/\",\"name\":\"RSE Tunisie\",\"description\":\"Le premier site que se sp\u00e9cialise dans de RSE en Tunisie\",\"publisher\":{\"@id\":\"https:\/\/tunisie-rse.com\/#organization\"},\"potentialAction\":[{\"@type\":\"SearchAction\",\"target\":{\"@type\":\"EntryPoint\",\"urlTemplate\":\"https:\/\/tunisie-rse.com\/?s={search_term_string}\"},\"query-input\":\"required name=search_term_string\"}],\"inLanguage\":\"fr-FR\"},{\"@type\":\"Organization\",\"@id\":\"https:\/\/tunisie-rse.com\/#organization\",\"name\":\"RSE Tunisie\",\"url\":\"https:\/\/tunisie-rse.com\/\",\"logo\":{\"@type\":\"ImageObject\",\"inLanguage\":\"fr-FR\",\"@id\":\"https:\/\/tunisie-rse.com\/#\/schema\/logo\/image\/\",\"url\":\"https:\/\/tunisie-rse.com\/wp-content\/uploads\/2022\/07\/logo-RSE.png\",\"contentUrl\":\"https:\/\/tunisie-rse.com\/wp-content\/uploads\/2022\/07\/logo-RSE.png\",\"width\":1147,\"height\":1147,\"caption\":\"RSE Tunisie\"},\"image\":{\"@id\":\"https:\/\/tunisie-rse.com\/#\/schema\/logo\/image\/\"}}]}<\/script>\n<!-- \/ Yoast SEO plugin. -->","yoast_head_json":{"title":"La communication responsable dans L\u2019RSE - RSE Tunisie","robots":{"index":"index","follow":"follow","max-snippet":"max-snippet:-1","max-image-preview":"max-image-preview:large","max-video-preview":"max-video-preview:-1"},"canonical":"https:\/\/tunisie-rse.com\/index.php\/la-communication-responsable-dans-lrse\/","og_locale":"fr_FR","og_type":"article","og_title":"La communication responsable dans L\u2019RSE - RSE Tunisie","og_description":"La communication responsable dans L\u2019RSE La communication responsable, ou communication durable ou encore \u00e9co-communication, renvoie \u00e0 une communication consistant \u00e0 prendre en consid\u00e9ration les aspects soci\u00e9taux et environnementaux pour toute forme de communication (publicit\u00e9, marketing, relations publiques\u2026) des entreprises ou autres organisations. La communication responsable s\u2019entend \u00e0 la fois sur le fond et sur la [&hellip;]","og_url":"https:\/\/tunisie-rse.com\/index.php\/la-communication-responsable-dans-lrse\/","og_site_name":"RSE Tunisie","article_modified_time":"2022-08-01T11:15:24+00:00","twitter_card":"summary_large_image","twitter_misc":{"Dur\u00e9e de lecture estim\u00e9e":"1 minute"},"schema":{"@context":"https:\/\/schema.org","@graph":[{"@type":"WebPage","@id":"https:\/\/tunisie-rse.com\/index.php\/la-communication-responsable-dans-lrse\/","url":"https:\/\/tunisie-rse.com\/index.php\/la-communication-responsable-dans-lrse\/","name":"La communication responsable dans L\u2019RSE - RSE Tunisie","isPartOf":{"@id":"https:\/\/tunisie-rse.com\/#website"},"datePublished":"2022-08-01T11:13:00+00:00","dateModified":"2022-08-01T11:15:24+00:00","breadcrumb":{"@id":"https:\/\/tunisie-rse.com\/index.php\/la-communication-responsable-dans-lrse\/#breadcrumb"},"inLanguage":"fr-FR","potentialAction":[{"@type":"ReadAction","target":["https:\/\/tunisie-rse.com\/index.php\/la-communication-responsable-dans-lrse\/"]}]},{"@type":"BreadcrumbList","@id":"https:\/\/tunisie-rse.com\/index.php\/la-communication-responsable-dans-lrse\/#breadcrumb","itemListElement":[{"@type":"ListItem","position":1,"name":"Accueil","item":"https:\/\/tunisie-rse.com\/"},{"@type":"ListItem","position":2,"name":"La communication responsable dans L\u2019RSE"}]},{"@type":"WebSite","@id":"https:\/\/tunisie-rse.com\/#website","url":"https:\/\/tunisie-rse.com\/","name":"RSE Tunisie","description":"Le premier site que se sp\u00e9cialise dans de RSE en Tunisie","publisher":{"@id":"https:\/\/tunisie-rse.com\/#organization"},"potentialAction":[{"@type":"SearchAction","target":{"@type":"EntryPoint","urlTemplate":"https:\/\/tunisie-rse.com\/?s={search_term_string}"},"query-input":"required name=search_term_string"}],"inLanguage":"fr-FR"},{"@type":"Organization","@id":"https:\/\/tunisie-rse.com\/#organization","name":"RSE Tunisie","url":"https:\/\/tunisie-rse.com\/","logo":{"@type":"ImageObject","inLanguage":"fr-FR","@id":"https:\/\/tunisie-rse.com\/#\/schema\/logo\/image\/","url":"https:\/\/tunisie-rse.com\/wp-content\/uploads\/2022\/07\/logo-RSE.png","contentUrl":"https:\/\/tunisie-rse.com\/wp-content\/uploads\/2022\/07\/logo-RSE.png","width":1147,"height":1147,"caption":"RSE Tunisie"},"image":{"@id":"https:\/\/tunisie-rse.com\/#\/schema\/logo\/image\/"}}]}},"_links":{"self":[{"href":"https:\/\/tunisie-rse.com\/index.php\/wp-json\/wp\/v2\/pages\/1812","targetHints":{"allow":["GET"]}}],"collection":[{"href":"https:\/\/tunisie-rse.com\/index.php\/wp-json\/wp\/v2\/pages"}],"about":[{"href":"https:\/\/tunisie-rse.com\/index.php\/wp-json\/wp\/v2\/types\/page"}],"author":[{"embeddable":true,"href":"https:\/\/tunisie-rse.com\/index.php\/wp-json\/wp\/v2\/users\/1"}],"replies":[{"embeddable":true,"href":"https:\/\/tunisie-rse.com\/index.php\/wp-json\/wp\/v2\/comments?post=1812"}],"version-history":[{"count":2,"href":"https:\/\/tunisie-rse.com\/index.php\/wp-json\/wp\/v2\/pages\/1812\/revisions"}],"predecessor-version":[{"id":1816,"href":"https:\/\/tunisie-rse.com\/index.php\/wp-json\/wp\/v2\/pages\/1812\/revisions\/1816"}],"wp:attachment":[{"href":"https:\/\/tunisie-rse.com\/index.php\/wp-json\/wp\/v2\/media?parent=1812"}],"curies":[{"name":"wp","href":"https:\/\/api.w.org\/{rel}","templated":true}]}}