{"id":1786,"date":"2022-08-01T10:42:52","date_gmt":"2022-08-01T10:42:52","guid":{"rendered":"http:\/\/tunisie-rse.com\/?page_id=1786"},"modified":"2022-08-01T10:58:47","modified_gmt":"2022-08-01T10:58:47","slug":"la-rse-un-enjeu-majeur-pour-les-entreprises","status":"publish","type":"page","link":"https:\/\/tunisie-rse.com\/index.php\/la-rse-un-enjeu-majeur-pour-les-entreprises\/","title":{"rendered":"La RSE, un enjeu majeur pour les entreprises"},"content":{"rendered":"<div data-colibri-id=\"1786-c1\" class=\"style-825 style-local-1786-c1 position-relative\">\n  <!---->\n  <div data-colibri-component=\"section\" data-colibri-id=\"1786-c2\" id=\"features\" class=\"h-section h-section-global-spacing d-flex align-items-lg-center align-items-md-center align-items-center style-826 style-local-1786-c2 position-relative\">\n    <!---->\n    <!---->\n    <div class=\"h-section-grid-container h-section-boxed-container\">\n      <div data-colibri-id=\"1786-c18\" class=\"h-row-container gutters-row-lg-2 gutters-row-md-2 gutters-row-2 gutters-row-v-lg-2 gutters-row-v-md-2 gutters-row-v-2 style-842 style-local-1786-c18 position-relative\">\n        <!---->\n        <div class=\"h-row justify-content-lg-center justify-content-md-center justify-content-center align-items-lg-stretch align-items-md-stretch align-items-stretch gutters-col-lg-2 gutters-col-md-2 gutters-col-2 gutters-col-v-lg-2 gutters-col-v-md-2 gutters-col-v-2\">\n          <!---->\n          <div class=\"h-column h-column-container d-flex h-col-lg-auto h-col-md-auto h-col-auto style-843-outer style-local-1786-c19-outer\">\n            <div data-colibri-id=\"1786-c19\" class=\"d-flex h-flex-basis h-column__inner h-px-lg-2 h-px-md-2 h-px-2 v-inner-lg-2 v-inner-md-2 v-inner-2 style-843 style-local-1786-c19 position-relative\">\n              <!---->\n              <!---->\n              <div class=\"w-100 h-y-container h-column__content h-column__v-align flex-basis-100 align-self-lg-start align-self-md-start align-self-start\">\n                <!---->\n                <div data-colibri-id=\"1786-c21\" class=\"h-lead h-text h-text-component style-845 style-local-1786-c21 position-relative h-element\">\n                  <!---->\n                  <!---->\n                  <div class=\"\">\n                    <p>Dans une soci\u00e9t\u00e9 marqu\u00e9e par la m\u00e9fiance envers les politiques et les industriels ainsi que par une s\u00e9rie de plusieurs incidents sociaux professionnels, les entreprises souhaitent redorer leur image de marque et contribuer au d\u00e9veloppement\n                      durable de leurs activit\u00e9s et de l\u2019impact de celles-ci sur la soci\u00e9t\u00e9. La RSE est devenue aujourd\u2019hui un tremplin pour renforcer l\u2019\u00e9thique de l\u2019entreprise, en assurant la transparence des activit\u00e9s et la comp\u00e9titivit\u00e9 sur le march\u00e9.<\/p>\n                  <\/div>\n                <\/div>\n              <\/div>\n            <\/div>\n          <\/div>\n        <\/div>\n      <\/div>\n      <div data-colibri-id=\"1786-c3\" class=\"h-row-container gutters-row-lg-2 gutters-row-md-2 gutters-row-0 gutters-row-v-lg-2 gutters-row-v-md-2 gutters-row-v-2 style-827 style-local-1786-c3 position-relative\">\n        <!---->\n        <div class=\"h-row justify-content-lg-center justify-content-md-center justify-content-center align-items-lg-stretch align-items-md-stretch align-items-stretch gutters-col-lg-2 gutters-col-md-2 gutters-col-0 gutters-col-v-lg-2 gutters-col-v-md-2 gutters-col-v-2\">\n          <!---->\n          <div class=\"h-column h-column-container d-flex h-col-lg-auto h-col-md-auto h-col-auto style-828-outer style-local-1786-c4-outer\">\n            <div data-colibri-id=\"1786-c4\" class=\"d-flex h-flex-basis h-column__inner h-px-lg-2 h-px-md-2 h-px-2 v-inner-lg-2 v-inner-md-2 v-inner-2 style-828 style-local-1786-c4 position-relative\">\n              <!---->\n              <!---->\n              <div class=\"w-100 h-y-container h-column__content h-column__v-align flex-basis-100 align-self-lg-start align-self-md-start align-self-start\">\n                <!---->\n                <div data-colibri-component=\"tabs\" data-colibri-id=\"1786-c5\" class=\"h-tabs h-tabs-vertical h-tabs--vertical--auto-lg h-tabs--vertical--auto-md h-tabs--vertical--full h-tabs h-tabs-vertical h-tabs--vertical--auto-lg h-tabs--vertical--auto-md h-tabs--vertical--full style-829 style-local-1786-c5 position-relative h-element\">\n                  <!---->\n                  <div class=\"h-tabs-navigation d-flex h-tabs-navigation-vertical\">\n                    <a href=\"#quels-sont-les-benefices-pour-les-entreprises\" class=\"h-tabs-navigation-item d-flex align-items-center h-global-transition h-tabs-navigation-active-item h-custom-active-state\" rel=\"#quels-sont-les-benefices-pour-les-entreprises\">\n                      <!----><span class=\"h-tabs-navigation-item__text\">Quels sont les b\u00e9n\u00e9fices pour les entreprises ?<\/span><\/a>\n                    <a href=\"#definition-de-la-rse-selon-l-iso-26000\" class=\"h-tabs-navigation-item d-flex align-items-center h-global-transition\" rel=\"#definition-de-la-rse-selon-l-iso-26000\">\n                      <!----><span class=\"h-tabs-navigation-item__text\">D\u00e9finition de la RSE selon l\u2019ISO 26000<\/span><\/a>\n                    <a href=\"#le-demarche-rse\" class=\"h-tabs-navigation-item d-flex align-items-center h-global-transition\" rel=\"#le-demarche-rse\">\n                      <!----><span class=\"h-tabs-navigation-item__text\">Le d\u00e9marche RSE<\/span><\/a>\n                  <\/div>\n                  <div id=\"quels-sont-les-benefices-pour-les-entreprises\" skip-smooth-scroll=\"true\" skip-scroll-spy=\"true\" data-colibri-id=\"1786-c6\" class=\"h-tabs-item-content h-tabs-item h-tabs-content-vertical h-tabs-content-1786-c6 style-830 style-local-1786-c6 position-relative h-element h-tabs-content-active\">\n                    <!---->\n                    <div class=\"w-100 h-y-container\">\n                      <!---->\n                      <div data-colibri-id=\"1786-c7\" class=\"h-global-transition-all h-heading style-831 style-local-1786-c7 position-relative h-element\">\n                        <!---->\n                        <div class=\"h-heading__outer style-831 style-local-1786-c7\">\n                          <!---->\n                          <!---->\n                          <h4 class=\"\">Quels sont les b\u00e9n\u00e9fices pour les entreprises ?<\/h4>\n                        <\/div>\n                      <\/div>\n                      <div data-colibri-id=\"1786-c8\" class=\"h-text h-text-component style-832 style-local-1786-c8 position-relative h-element\">\n                        <!---->\n                        <!---->\n                        <div class=\"\">\n                          <p> Une d\u00e9marche RSE s\u2019inscrit dans une d\u00e9marche \u00e9thique de l\u2019entreprise qui souhaite avant tout soigner son image de marque aupr\u00e8s de ses salari\u00e9s et des parties prenantes. Travailler sur ses aspects humains et environnementaux\n                            sont des messages forts \u00e0 envoyer \u00e0 ses collaborateurs.<\/p>\n                          <p>Une d\u00e9marche RSE est \u00e9galement l\u2019occasion pour l\u2019entreprise de se d\u00e9marquer sur le march\u00e9 tout en menant des actions d\u2019\u00e9conomie d\u2019\u00e9nergie et de r\u00e9duction des d\u00e9chets : un b\u00e9n\u00e9fice \u00e9galement \u00e9conomique pour l\u2019entreprise.<\/p>\n                          <p>Enfin, des collaborateurs qui se sentent impliqu\u00e9s et investis dans une d\u00e9marche et un environnement qui leur ressemble seront ainsi plus investis au travail, assurant un gain de productivit\u00e9 accru.<\/p>\n                        <\/div>\n                      <\/div>\n                    <\/div>\n                  <\/div>\n                  <div id=\"definition-de-la-rse-selon-l-iso-26000\" skip-smooth-scroll=\"true\" skip-scroll-spy=\"true\" data-colibri-id=\"1786-c10\" class=\"h-tabs-item-content h-tabs-item h-tabs-content-vertical h-tabs-content-1786-c10 style-834 style-local-1786-c10 position-relative h-element hide\">\n                    <!---->\n                    <div class=\"w-100 h-y-container\">\n                      <!---->\n                      <div data-colibri-id=\"1786-c11\" class=\"h-global-transition-all h-heading style-835 style-local-1786-c11 position-relative h-element\">\n                        <!---->\n                        <div class=\"h-heading__outer style-835 style-local-1786-c11\">\n                          <!---->\n                          <!---->\n                          <h4 class=\"\">D\u00e9finition de la RSE selon l\u2019ISO 26000<\/h4>\n                        <\/div>\n                      <\/div>\n                      <div data-colibri-id=\"1786-c12\" class=\"h-text h-text-component style-836 style-local-1786-c12 position-relative h-element\">\n                        <!---->\n                        <!---->\n                        <div class=\"\">\n                          <p>La responsabilit\u00e9 d\u2019une organisation vis-\u00e0-vis des impacts de ses d\u00e9cisions et activit\u00e9s sur la soci\u00e9t\u00e9 et sur l\u2019environnement , se traduisant par un comportement \u00e9thique et transparent qui<\/p>\n                          <p>\u2013 contribue au d\u00e9veloppement durable , y compris \u00e0 la sant\u00e9 et au bien-\u00eatre de la soci\u00e9t\u00e9 ;<\/p>\n                          <p><span style=\"color: rgb(70, 112, 127); font-family: &quot;Open Sans&quot;; font-size: 16px; font-weight: 400;\">\u2013&nbsp;<\/span>prend en compte les attentes des parties prenantes ;<\/p>\n                          <p><span style=\"color: rgb(70, 112, 127); font-family: &quot;Open Sans&quot;; font-size: 16px; font-weight: 400;\">\u2013&nbsp;<\/span>respecte les lois en vigueur et qui est en accord avec les normes internationales de comportement ;<\/p>\n                          <p>et qui est int\u00e9gr\u00e9 dans l\u2019ensemble de l\u2019organisation et mis en \u0153uvre dans ses relations \u00bb.<\/p>\n                        <\/div>\n                      <\/div>\n                      <div data-colibri-id=\"1786-c22\" class=\"d-block style-846 style-local-1786-c22 position-relative h-element\">\n                        <!---->\n                        <div class=\"h-image__frame-container-outer\">\n                          <div class=\"h-image__frame-container\">\n                            <!---->\n                            <!---->\n                            <img loading=\"lazy\" decoding=\"async\" width=\"665\" height=\"430\" src=\"https:\/\/tunisie-rse.com\/wp-content\/uploads\/2022\/08\/295337248_580546340129452_1562716158401837832_n.jpg\" class=\"wp-image-1796 style-846-image style-local-1786-c22-image\" alt=\"\" srcset=\"https:\/\/tunisie-rse.com\/wp-content\/uploads\/2022\/08\/295337248_580546340129452_1562716158401837832_n.jpg 665w, https:\/\/tunisie-rse.com\/wp-content\/uploads\/2022\/08\/295337248_580546340129452_1562716158401837832_n-300x194.jpg 300w\" sizes=\"auto, (max-width: 665px) 100vw, 665px\" \/>\n                            <div class=\"h-image__frame h-hide-lg h-hide-md h-hide-sm style-846-frameImage style-local-1786-c22-frameImage\"><\/div>\n                          <\/div>\n                        <\/div>\n                      <\/div>\n                    <\/div>\n                  <\/div>\n                  <div id=\"le-demarche-rse\" skip-smooth-scroll=\"true\" skip-scroll-spy=\"true\" data-colibri-id=\"1786-c14\" class=\"h-tabs-item-content h-tabs-item h-tabs-content-vertical h-tabs-content-1786-c14 style-838 style-local-1786-c14 position-relative h-element hide\">\n                    <!---->\n                    <div class=\"w-100 h-y-container\">\n                      <!---->\n                      <div data-colibri-id=\"1786-c15\" class=\"h-global-transition-all h-heading style-839 style-local-1786-c15 position-relative h-element\">\n                        <!---->\n                        <div class=\"h-heading__outer style-839 style-local-1786-c15\">\n                          <!---->\n                          <!---->\n                          <h4 class=\"\">Le d\u00e9marche RSE<\/h4>\n                        <\/div>\n                      <\/div>\n                      <div data-colibri-id=\"1786-c16\" class=\"h-text h-text-component style-840 style-local-1786-c16 position-relative h-element\">\n                        <!---->\n                        <!---->\n                        <div class=\"\">\n                          <p>Aujourd\u2019hui, la Responsabilit\u00e9 Sociale des Entreprises est v\u00e9ritablement institutionnalis\u00e9e dans le monde de l\u2019entreprise. Concr\u00e8tement, les d\u00e9marches et strat\u00e9gies RSE renvoient aux diff\u00e9rentes politiques mises en place dans\n                            les entreprises pour contribuer par exemple \u00e0 la protection de l\u2019environnement, la r\u00e9duction des \u00e9missions de gaz \u00e0 effet de serre, mais aussi \u00e0 la am\u00e9lioration de la qualit\u00e9 des produits, l\u2019inclusion sociale, ou le d\u00e9veloppement\n                            \u00e9conomique\u2026 Si on associe beaucoup la Responsabilit\u00e9 Sociale des Entreprises \u00e0 la protection de l\u2019environnement, ce n\u2019est donc pas le seul domaine o\u00f9 elle intervient. \u00c9conomique, sociale, culturelle et m\u00eame \u00e9ducative : la RSE\n                            est pr\u00e9sente dans tous les domaines. Voici quelques exemples par cat\u00e9gories (cliquez sur les liens pour en savoir plus) :<\/p>\n                          <p><span style=\"font-weight: 700;\">R\u00c9ALISER UN \u00c9TAT DES LIEUX :<\/span><\/p>\n                          <p>C\u2019est-\u00e0-dire observer l\u2019ensemble des pratiques et activit\u00e9s de l\u2019organisation avec un questionnement bas\u00e9 sur deux axes :<\/p>\n                          <p>&gt; La prise en compte ou non des domaines pr\u00e9sents dans les 7 questions centrales de l\u2019ISO 26 000 ;<\/p>\n                          <p>&gt; Le dialogue et la prise en consid\u00e9ration des besoins et attentes des parties prenantes.<\/p>\n                          <p>\n                            <br>\n                          <\/p>\n                          <p><span style=\"font-weight: 700;\">ETABLIR UNE STRAT\u00c9GIE RSE ET UN PLAN D\u2019ACTIONS :<\/span><\/p>\n                          <p>Dans une d\u00e9marche d\u2019am\u00e9lioration continue :<\/p>\n                          <p>&gt; Mise en place d\u2019un dispositif de pilotage et d\u2019indicateurs de r\u00e9sultats de la d\u00e9marche RSE ;<\/p>\n                          <p>&gt; Int\u00e9gration de la RSE \u00e0 tous les niveaux de responsabilit\u00e9 et d\u2019activit\u00e9 de l\u2019organisation ;<\/p>\n                          <p>&gt; D\u00e9veloppement des comp\u00e9tences, des innovations organisationnelles et technologiques.<\/p>\n                          <p>\n                            <br>\n                          <\/p>\n                          <p><span style=\"font-weight: 700;\">CONSTRUIRE SES INDICATEURS RSE :<\/span><\/p>\n                          <p>&gt; Indicateurs \u00e9conomiques ;<\/p>\n                          <p>&gt; Indicateurs sociaux ;<\/p>\n                          <p>&gt; Indicateurs environnementaux.<\/p>\n                          <p>\n                            <br>\n                          <\/p>\n                          <p><span style=\"font-weight: 700;\">COMMUNIQUER, VALORISER ET RENDRE CR\u00c9DIBLE SA D\u00c9MARCHE RSE :<\/span><\/p>\n                          <p>&gt; Rapport RSE ;<\/p>\n                          <p>&gt; Communication ;<\/p>\n                          <p>&gt; Label Engag\u00e9 RSE.<\/p>\n                        <\/div>\n                      <\/div>\n                    <\/div>\n                  <\/div>\n                <\/div>\n              <\/div>\n            <\/div>\n          <\/div>\n        <\/div>\n      <\/div>\n    <\/div>\n  <\/div>\n<\/div>","protected":false},"excerpt":{"rendered":"<p>Dans une soci\u00e9t\u00e9 marqu\u00e9e par la m\u00e9fiance envers les politiques et les industriels ainsi que par une s\u00e9rie de plusieurs incidents sociaux professionnels, les entreprises souhaitent redorer leur image de marque et contribuer au d\u00e9veloppement durable de leurs activit\u00e9s et de l\u2019impact de celles-ci sur la soci\u00e9t\u00e9. La RSE est devenue aujourd\u2019hui un tremplin pour [&hellip;]<\/p>\n","protected":false},"author":1,"featured_media":0,"parent":0,"menu_order":0,"comment_status":"closed","ping_status":"closed","template":"page-templates\/full-width-page.php","meta":{"footnotes":""},"class_list":["post-1786","page","type-page","status-publish","hentry"],"yoast_head":"<!-- This site is optimized with the Yoast SEO plugin v23.1 - https:\/\/yoast.com\/wordpress\/plugins\/seo\/ -->\n<title>La RSE, un enjeu majeur pour les entreprises - RSE Tunisie<\/title>\n<meta name=\"robots\" content=\"index, follow, max-snippet:-1, max-image-preview:large, max-video-preview:-1\" \/>\n<link rel=\"canonical\" href=\"https:\/\/tunisie-rse.com\/index.php\/la-rse-un-enjeu-majeur-pour-les-entreprises\/\" \/>\n<meta property=\"og:locale\" content=\"fr_FR\" \/>\n<meta property=\"og:type\" content=\"article\" \/>\n<meta property=\"og:title\" content=\"La RSE, un enjeu majeur pour les entreprises - RSE Tunisie\" \/>\n<meta property=\"og:description\" content=\"Dans une soci\u00e9t\u00e9 marqu\u00e9e par la m\u00e9fiance envers les politiques et les industriels ainsi que par une s\u00e9rie de plusieurs incidents sociaux professionnels, les entreprises souhaitent redorer leur image de marque et contribuer au d\u00e9veloppement durable de leurs activit\u00e9s et de l\u2019impact de celles-ci sur la soci\u00e9t\u00e9. La RSE est devenue aujourd\u2019hui un tremplin pour [&hellip;]\" \/>\n<meta property=\"og:url\" content=\"https:\/\/tunisie-rse.com\/index.php\/la-rse-un-enjeu-majeur-pour-les-entreprises\/\" \/>\n<meta property=\"og:site_name\" content=\"RSE Tunisie\" \/>\n<meta property=\"article:modified_time\" content=\"2022-08-01T10:58:47+00:00\" \/>\n<meta property=\"og:image\" content=\"http:\/\/tunisie-rse.com\/wp-content\/uploads\/2022\/08\/295337248_580546340129452_1562716158401837832_n.jpg\" \/>\n<meta name=\"twitter:card\" content=\"summary_large_image\" \/>\n<meta name=\"twitter:label1\" content=\"Dur\u00e9e de lecture estim\u00e9e\" \/>\n\t<meta name=\"twitter:data1\" content=\"3 minutes\" \/>\n<script type=\"application\/ld+json\" class=\"yoast-schema-graph\">{\"@context\":\"https:\/\/schema.org\",\"@graph\":[{\"@type\":\"WebPage\",\"@id\":\"https:\/\/tunisie-rse.com\/index.php\/la-rse-un-enjeu-majeur-pour-les-entreprises\/\",\"url\":\"https:\/\/tunisie-rse.com\/index.php\/la-rse-un-enjeu-majeur-pour-les-entreprises\/\",\"name\":\"La RSE, un enjeu majeur pour les entreprises - RSE Tunisie\",\"isPartOf\":{\"@id\":\"https:\/\/tunisie-rse.com\/#website\"},\"primaryImageOfPage\":{\"@id\":\"https:\/\/tunisie-rse.com\/index.php\/la-rse-un-enjeu-majeur-pour-les-entreprises\/#primaryimage\"},\"image\":{\"@id\":\"https:\/\/tunisie-rse.com\/index.php\/la-rse-un-enjeu-majeur-pour-les-entreprises\/#primaryimage\"},\"thumbnailUrl\":\"http:\/\/tunisie-rse.com\/wp-content\/uploads\/2022\/08\/295337248_580546340129452_1562716158401837832_n.jpg\",\"datePublished\":\"2022-08-01T10:42:52+00:00\",\"dateModified\":\"2022-08-01T10:58:47+00:00\",\"breadcrumb\":{\"@id\":\"https:\/\/tunisie-rse.com\/index.php\/la-rse-un-enjeu-majeur-pour-les-entreprises\/#breadcrumb\"},\"inLanguage\":\"fr-FR\",\"potentialAction\":[{\"@type\":\"ReadAction\",\"target\":[\"https:\/\/tunisie-rse.com\/index.php\/la-rse-un-enjeu-majeur-pour-les-entreprises\/\"]}]},{\"@type\":\"ImageObject\",\"inLanguage\":\"fr-FR\",\"@id\":\"https:\/\/tunisie-rse.com\/index.php\/la-rse-un-enjeu-majeur-pour-les-entreprises\/#primaryimage\",\"url\":\"http:\/\/tunisie-rse.com\/wp-content\/uploads\/2022\/08\/295337248_580546340129452_1562716158401837832_n.jpg\",\"contentUrl\":\"http:\/\/tunisie-rse.com\/wp-content\/uploads\/2022\/08\/295337248_580546340129452_1562716158401837832_n.jpg\"},{\"@type\":\"BreadcrumbList\",\"@id\":\"https:\/\/tunisie-rse.com\/index.php\/la-rse-un-enjeu-majeur-pour-les-entreprises\/#breadcrumb\",\"itemListElement\":[{\"@type\":\"ListItem\",\"position\":1,\"name\":\"Accueil\",\"item\":\"https:\/\/tunisie-rse.com\/\"},{\"@type\":\"ListItem\",\"position\":2,\"name\":\"La RSE, un enjeu majeur pour les entreprises\"}]},{\"@type\":\"WebSite\",\"@id\":\"https:\/\/tunisie-rse.com\/#website\",\"url\":\"https:\/\/tunisie-rse.com\/\",\"name\":\"RSE Tunisie\",\"description\":\"Le premier site que se sp\u00e9cialise dans de RSE en Tunisie\",\"publisher\":{\"@id\":\"https:\/\/tunisie-rse.com\/#organization\"},\"potentialAction\":[{\"@type\":\"SearchAction\",\"target\":{\"@type\":\"EntryPoint\",\"urlTemplate\":\"https:\/\/tunisie-rse.com\/?s={search_term_string}\"},\"query-input\":\"required name=search_term_string\"}],\"inLanguage\":\"fr-FR\"},{\"@type\":\"Organization\",\"@id\":\"https:\/\/tunisie-rse.com\/#organization\",\"name\":\"RSE Tunisie\",\"url\":\"https:\/\/tunisie-rse.com\/\",\"logo\":{\"@type\":\"ImageObject\",\"inLanguage\":\"fr-FR\",\"@id\":\"https:\/\/tunisie-rse.com\/#\/schema\/logo\/image\/\",\"url\":\"https:\/\/tunisie-rse.com\/wp-content\/uploads\/2022\/07\/logo-RSE.png\",\"contentUrl\":\"https:\/\/tunisie-rse.com\/wp-content\/uploads\/2022\/07\/logo-RSE.png\",\"width\":1147,\"height\":1147,\"caption\":\"RSE Tunisie\"},\"image\":{\"@id\":\"https:\/\/tunisie-rse.com\/#\/schema\/logo\/image\/\"}}]}<\/script>\n<!-- \/ Yoast SEO plugin. -->","yoast_head_json":{"title":"La RSE, un enjeu majeur pour les entreprises - RSE Tunisie","robots":{"index":"index","follow":"follow","max-snippet":"max-snippet:-1","max-image-preview":"max-image-preview:large","max-video-preview":"max-video-preview:-1"},"canonical":"https:\/\/tunisie-rse.com\/index.php\/la-rse-un-enjeu-majeur-pour-les-entreprises\/","og_locale":"fr_FR","og_type":"article","og_title":"La RSE, un enjeu majeur pour les entreprises - RSE Tunisie","og_description":"Dans une soci\u00e9t\u00e9 marqu\u00e9e par la m\u00e9fiance envers les politiques et les industriels ainsi que par une s\u00e9rie de plusieurs incidents sociaux professionnels, les entreprises souhaitent redorer leur image de marque et contribuer au d\u00e9veloppement durable de leurs activit\u00e9s et de l\u2019impact de celles-ci sur la soci\u00e9t\u00e9. La RSE est devenue aujourd\u2019hui un tremplin pour [&hellip;]","og_url":"https:\/\/tunisie-rse.com\/index.php\/la-rse-un-enjeu-majeur-pour-les-entreprises\/","og_site_name":"RSE Tunisie","article_modified_time":"2022-08-01T10:58:47+00:00","og_image":[{"url":"http:\/\/tunisie-rse.com\/wp-content\/uploads\/2022\/08\/295337248_580546340129452_1562716158401837832_n.jpg"}],"twitter_card":"summary_large_image","twitter_misc":{"Dur\u00e9e de lecture estim\u00e9e":"3 minutes"},"schema":{"@context":"https:\/\/schema.org","@graph":[{"@type":"WebPage","@id":"https:\/\/tunisie-rse.com\/index.php\/la-rse-un-enjeu-majeur-pour-les-entreprises\/","url":"https:\/\/tunisie-rse.com\/index.php\/la-rse-un-enjeu-majeur-pour-les-entreprises\/","name":"La RSE, un enjeu majeur pour les entreprises - RSE Tunisie","isPartOf":{"@id":"https:\/\/tunisie-rse.com\/#website"},"primaryImageOfPage":{"@id":"https:\/\/tunisie-rse.com\/index.php\/la-rse-un-enjeu-majeur-pour-les-entreprises\/#primaryimage"},"image":{"@id":"https:\/\/tunisie-rse.com\/index.php\/la-rse-un-enjeu-majeur-pour-les-entreprises\/#primaryimage"},"thumbnailUrl":"http:\/\/tunisie-rse.com\/wp-content\/uploads\/2022\/08\/295337248_580546340129452_1562716158401837832_n.jpg","datePublished":"2022-08-01T10:42:52+00:00","dateModified":"2022-08-01T10:58:47+00:00","breadcrumb":{"@id":"https:\/\/tunisie-rse.com\/index.php\/la-rse-un-enjeu-majeur-pour-les-entreprises\/#breadcrumb"},"inLanguage":"fr-FR","potentialAction":[{"@type":"ReadAction","target":["https:\/\/tunisie-rse.com\/index.php\/la-rse-un-enjeu-majeur-pour-les-entreprises\/"]}]},{"@type":"ImageObject","inLanguage":"fr-FR","@id":"https:\/\/tunisie-rse.com\/index.php\/la-rse-un-enjeu-majeur-pour-les-entreprises\/#primaryimage","url":"http:\/\/tunisie-rse.com\/wp-content\/uploads\/2022\/08\/295337248_580546340129452_1562716158401837832_n.jpg","contentUrl":"http:\/\/tunisie-rse.com\/wp-content\/uploads\/2022\/08\/295337248_580546340129452_1562716158401837832_n.jpg"},{"@type":"BreadcrumbList","@id":"https:\/\/tunisie-rse.com\/index.php\/la-rse-un-enjeu-majeur-pour-les-entreprises\/#breadcrumb","itemListElement":[{"@type":"ListItem","position":1,"name":"Accueil","item":"https:\/\/tunisie-rse.com\/"},{"@type":"ListItem","position":2,"name":"La RSE, un enjeu majeur pour les entreprises"}]},{"@type":"WebSite","@id":"https:\/\/tunisie-rse.com\/#website","url":"https:\/\/tunisie-rse.com\/","name":"RSE Tunisie","description":"Le premier site que se sp\u00e9cialise dans de RSE en Tunisie","publisher":{"@id":"https:\/\/tunisie-rse.com\/#organization"},"potentialAction":[{"@type":"SearchAction","target":{"@type":"EntryPoint","urlTemplate":"https:\/\/tunisie-rse.com\/?s={search_term_string}"},"query-input":"required name=search_term_string"}],"inLanguage":"fr-FR"},{"@type":"Organization","@id":"https:\/\/tunisie-rse.com\/#organization","name":"RSE Tunisie","url":"https:\/\/tunisie-rse.com\/","logo":{"@type":"ImageObject","inLanguage":"fr-FR","@id":"https:\/\/tunisie-rse.com\/#\/schema\/logo\/image\/","url":"https:\/\/tunisie-rse.com\/wp-content\/uploads\/2022\/07\/logo-RSE.png","contentUrl":"https:\/\/tunisie-rse.com\/wp-content\/uploads\/2022\/07\/logo-RSE.png","width":1147,"height":1147,"caption":"RSE Tunisie"},"image":{"@id":"https:\/\/tunisie-rse.com\/#\/schema\/logo\/image\/"}}]}},"_links":{"self":[{"href":"https:\/\/tunisie-rse.com\/index.php\/wp-json\/wp\/v2\/pages\/1786","targetHints":{"allow":["GET"]}}],"collection":[{"href":"https:\/\/tunisie-rse.com\/index.php\/wp-json\/wp\/v2\/pages"}],"about":[{"href":"https:\/\/tunisie-rse.com\/index.php\/wp-json\/wp\/v2\/types\/page"}],"author":[{"embeddable":true,"href":"https:\/\/tunisie-rse.com\/index.php\/wp-json\/wp\/v2\/users\/1"}],"replies":[{"embeddable":true,"href":"https:\/\/tunisie-rse.com\/index.php\/wp-json\/wp\/v2\/comments?post=1786"}],"version-history":[{"count":3,"href":"https:\/\/tunisie-rse.com\/index.php\/wp-json\/wp\/v2\/pages\/1786\/revisions"}],"predecessor-version":[{"id":1798,"href":"https:\/\/tunisie-rse.com\/index.php\/wp-json\/wp\/v2\/pages\/1786\/revisions\/1798"}],"wp:attachment":[{"href":"https:\/\/tunisie-rse.com\/index.php\/wp-json\/wp\/v2\/media?parent=1786"}],"curies":[{"name":"wp","href":"https:\/\/api.w.org\/{rel}","templated":true}]}}