{"id":1757,"date":"2022-08-01T10:37:37","date_gmt":"2022-08-01T10:37:37","guid":{"rendered":"http:\/\/tunisie-rse.com\/?page_id=1757"},"modified":"2022-08-05T10:46:35","modified_gmt":"2022-08-05T10:46:35","slug":"qui-sommes-nous","status":"publish","type":"page","link":"https:\/\/tunisie-rse.com\/index.php\/qui-sommes-nous\/","title":{"rendered":"Qui sommes-nous"},"content":{"rendered":"<div data-colibri-id=\"1757-c1\" class=\"style-791 style-local-1757-c1 position-relative\">\n  <!---->\n  <div data-colibri-component=\"section\" data-colibri-id=\"1757-c2\" id=\"reusable-sections\" class=\"h-section h-section-global-spacing d-flex align-items-lg-center align-items-md-center align-items-end style-792 style-local-1757-c2 h-overflow-hidden position-relative\">\n    <div class=\"background-wrapper\">\n      <div class=\"background-layer background-layer-media-container-lg\">\n        <!---->\n        <div class=\"overlay-layer\">\n          <div class=\"overlay-image-layer\" style=\"background-image: linear-gradient(90deg, rgb(255, 255, 255) 55%, rgba(255, 255, 255, 0.5) 100%);\"><\/div>\n        <\/div>\n      <\/div>\n      <div class=\"background-layer background-layer-media-container-md\">\n        <!---->\n        <div class=\"overlay-layer\">\n          <div class=\"overlay-image-layer\" style=\"background-image: linear-gradient(90deg, rgb(255, 255, 255) 55%, rgba(255, 255, 255, 0.5) 100%);\"><\/div>\n        <\/div>\n      <\/div>\n      <div class=\"background-layer background-layer-media-container\">\n        <!---->\n        <div class=\"overlay-layer\">\n          <div class=\"overlay-image-layer\" style=\"background-image: linear-gradient(90deg, rgb(255, 255, 255) 55%, rgba(255, 255, 255, 0.5) 100%);\"><\/div>\n        <\/div>\n      <\/div>\n    <\/div>\n    <!---->\n    <div class=\"h-section-grid-container h-section-boxed-container\">\n      <!---->\n      <div data-colibri-id=\"1757-c3\" class=\"h-row-container gutters-row-lg-0 gutters-row-md-0 gutters-row-2 gutters-row-v-lg-0 gutters-row-v-md-0 gutters-row-v-0 style-793 style-local-1757-c3 position-relative\">\n        <!---->\n        <div class=\"h-row justify-content-lg-start justify-content-md-start justify-content-center align-items-lg-stretch align-items-md-stretch align-items-stretch gutters-col-lg-0 gutters-col-md-0 gutters-col-2 gutters-col-v-lg-0 gutters-col-v-md-0 gutters-col-v-0\">\n          <!---->\n          <div class=\"h-column h-column-container d-flex h-col-lg-auto h-col-md-auto h-col-auto style-794-outer style-local-1757-c4-outer\">\n            <div data-colibri-id=\"1757-c4\" class=\"d-flex h-flex-basis h-column__inner h-px-lg-2 h-px-md-2 h-px-0 v-inner-lg-2 v-inner-md-2 v-inner-0 style-794 style-local-1757-c4 position-relative\">\n              <!---->\n              <!---->\n              <div class=\"w-100 h-y-container h-column__content h-column__v-align flex-basis-100 align-self-lg-end align-self-md-end align-self-end\">\n                <!---->\n                <div data-colibri-id=\"1757-c5\" class=\"h-global-transition-all h-heading style-795 style-local-1757-c5 position-relative h-element\">\n                  <!---->\n                  <div class=\"h-heading__outer style-795 style-local-1757-c5\">\n                    <!---->\n                    <!---->\n                    <h2 class=\"\"><span style=\"font-weight: 600;\">Qui sommes-nous<\/span><\/h2>\n                  <\/div>\n                <\/div>\n                <div data-colibri-id=\"1757-c6\" class=\"h-text h-text-component style-796 style-local-1757-c6 position-relative h-element\">\n                  <!---->\n                  <!---->\n                  <div class=\"\">\n                    <p>Dans un contexte marqu\u00e9 par l\u2019int\u00e9r\u00eat grandissant port\u00e9, dans plusieurs pays du monde, au concept de la responsabilit\u00e9 soci\u00e9tale des entreprises (RSE) soit pour son r\u00f4le dans l\u2019incitation des institutions \u00e0 contribuer davantage \u00e0 l\u2019effort\n                      collectif visant la r\u00e9alisation des objectifs du d\u00e9veloppement durable ou pour son r\u00f4le dans l\u2019am\u00e9lioration de l\u2019image de l\u2019entreprise devant ses employ\u00e9s et les autres acteurs \u00e9conomiques, en tant qu\u2019une institution qui cible l\u2019action\n                      positive, nous avons lanc\u00e9 le site RSE qui est le premier site en Tunisie qui s\u2019int\u00e9resse au concept de la responsabilit\u00e9 sociale des entreprises \u00e0 travers la couverture m\u00e9diatique digitale des activit\u00e9s des entreprises qui s\u2019inscrivent\n                      dans ce cadre. Egalement, nous accompagnons les soci\u00e9t\u00e9s dans la mise en \u0153uvre des strat\u00e9gies de communication et de marketing digital adapt\u00e9es \u00e0 ce concept. <\/p>\n                  <\/div>\n                <\/div>\n              <\/div>\n            <\/div>\n          <\/div>\n        <\/div>\n      <\/div>\n    <\/div>\n  <\/div>\n<\/div>","protected":false},"excerpt":{"rendered":"<p>Qui sommes-nous Dans un contexte marqu\u00e9 par l\u2019int\u00e9r\u00eat grandissant port\u00e9, dans plusieurs pays du monde, au concept de la responsabilit\u00e9 soci\u00e9tale des entreprises (RSE) soit pour son r\u00f4le dans l\u2019incitation des institutions \u00e0 contribuer davantage \u00e0 l\u2019effort collectif visant la r\u00e9alisation des objectifs du d\u00e9veloppement durable ou pour son r\u00f4le dans l\u2019am\u00e9lioration de l\u2019image de [&hellip;]<\/p>\n","protected":false},"author":1,"featured_media":0,"parent":0,"menu_order":0,"comment_status":"closed","ping_status":"closed","template":"page-templates\/full-width-page.php","meta":{"footnotes":""},"class_list":["post-1757","page","type-page","status-publish","hentry"],"yoast_head":"<!-- This site is optimized with the Yoast SEO plugin v23.1 - https:\/\/yoast.com\/wordpress\/plugins\/seo\/ -->\n<title>Qui sommes-nous - RSE Tunisie<\/title>\n<meta name=\"robots\" content=\"index, follow, max-snippet:-1, max-image-preview:large, max-video-preview:-1\" \/>\n<link rel=\"canonical\" href=\"https:\/\/tunisie-rse.com\/index.php\/qui-sommes-nous\/\" \/>\n<meta property=\"og:locale\" content=\"fr_FR\" \/>\n<meta property=\"og:type\" content=\"article\" \/>\n<meta property=\"og:title\" content=\"Qui sommes-nous - RSE Tunisie\" \/>\n<meta property=\"og:description\" content=\"Qui sommes-nous Dans un contexte marqu\u00e9 par l\u2019int\u00e9r\u00eat grandissant port\u00e9, dans plusieurs pays du monde, au concept de la responsabilit\u00e9 soci\u00e9tale des entreprises (RSE) soit pour son r\u00f4le dans l\u2019incitation des institutions \u00e0 contribuer davantage \u00e0 l\u2019effort collectif visant la r\u00e9alisation des objectifs du d\u00e9veloppement durable ou pour son r\u00f4le dans l\u2019am\u00e9lioration de l\u2019image de [&hellip;]\" \/>\n<meta property=\"og:url\" content=\"https:\/\/tunisie-rse.com\/index.php\/qui-sommes-nous\/\" \/>\n<meta property=\"og:site_name\" content=\"RSE Tunisie\" \/>\n<meta property=\"article:modified_time\" content=\"2022-08-05T10:46:35+00:00\" \/>\n<meta name=\"twitter:card\" content=\"summary_large_image\" \/>\n<meta name=\"twitter:label1\" content=\"Dur\u00e9e de lecture estim\u00e9e\" \/>\n\t<meta name=\"twitter:data1\" content=\"1 minute\" \/>\n<script type=\"application\/ld+json\" class=\"yoast-schema-graph\">{\"@context\":\"https:\/\/schema.org\",\"@graph\":[{\"@type\":\"WebPage\",\"@id\":\"https:\/\/tunisie-rse.com\/index.php\/qui-sommes-nous\/\",\"url\":\"https:\/\/tunisie-rse.com\/index.php\/qui-sommes-nous\/\",\"name\":\"Qui sommes-nous - RSE Tunisie\",\"isPartOf\":{\"@id\":\"https:\/\/tunisie-rse.com\/#website\"},\"datePublished\":\"2022-08-01T10:37:37+00:00\",\"dateModified\":\"2022-08-05T10:46:35+00:00\",\"breadcrumb\":{\"@id\":\"https:\/\/tunisie-rse.com\/index.php\/qui-sommes-nous\/#breadcrumb\"},\"inLanguage\":\"fr-FR\",\"potentialAction\":[{\"@type\":\"ReadAction\",\"target\":[\"https:\/\/tunisie-rse.com\/index.php\/qui-sommes-nous\/\"]}]},{\"@type\":\"BreadcrumbList\",\"@id\":\"https:\/\/tunisie-rse.com\/index.php\/qui-sommes-nous\/#breadcrumb\",\"itemListElement\":[{\"@type\":\"ListItem\",\"position\":1,\"name\":\"Accueil\",\"item\":\"https:\/\/tunisie-rse.com\/\"},{\"@type\":\"ListItem\",\"position\":2,\"name\":\"Qui sommes-nous\"}]},{\"@type\":\"WebSite\",\"@id\":\"https:\/\/tunisie-rse.com\/#website\",\"url\":\"https:\/\/tunisie-rse.com\/\",\"name\":\"RSE Tunisie\",\"description\":\"Le premier site que se sp\u00e9cialise dans de RSE en Tunisie\",\"publisher\":{\"@id\":\"https:\/\/tunisie-rse.com\/#organization\"},\"potentialAction\":[{\"@type\":\"SearchAction\",\"target\":{\"@type\":\"EntryPoint\",\"urlTemplate\":\"https:\/\/tunisie-rse.com\/?s={search_term_string}\"},\"query-input\":\"required name=search_term_string\"}],\"inLanguage\":\"fr-FR\"},{\"@type\":\"Organization\",\"@id\":\"https:\/\/tunisie-rse.com\/#organization\",\"name\":\"RSE Tunisie\",\"url\":\"https:\/\/tunisie-rse.com\/\",\"logo\":{\"@type\":\"ImageObject\",\"inLanguage\":\"fr-FR\",\"@id\":\"https:\/\/tunisie-rse.com\/#\/schema\/logo\/image\/\",\"url\":\"https:\/\/tunisie-rse.com\/wp-content\/uploads\/2022\/07\/logo-RSE.png\",\"contentUrl\":\"https:\/\/tunisie-rse.com\/wp-content\/uploads\/2022\/07\/logo-RSE.png\",\"width\":1147,\"height\":1147,\"caption\":\"RSE Tunisie\"},\"image\":{\"@id\":\"https:\/\/tunisie-rse.com\/#\/schema\/logo\/image\/\"}}]}<\/script>\n<!-- \/ Yoast SEO plugin. -->","yoast_head_json":{"title":"Qui sommes-nous - RSE Tunisie","robots":{"index":"index","follow":"follow","max-snippet":"max-snippet:-1","max-image-preview":"max-image-preview:large","max-video-preview":"max-video-preview:-1"},"canonical":"https:\/\/tunisie-rse.com\/index.php\/qui-sommes-nous\/","og_locale":"fr_FR","og_type":"article","og_title":"Qui sommes-nous - RSE Tunisie","og_description":"Qui sommes-nous Dans un contexte marqu\u00e9 par l\u2019int\u00e9r\u00eat grandissant port\u00e9, dans plusieurs pays du monde, au concept de la responsabilit\u00e9 soci\u00e9tale des entreprises (RSE) soit pour son r\u00f4le dans l\u2019incitation des institutions \u00e0 contribuer davantage \u00e0 l\u2019effort collectif visant la r\u00e9alisation des objectifs du d\u00e9veloppement durable ou pour son r\u00f4le dans l\u2019am\u00e9lioration de l\u2019image de [&hellip;]","og_url":"https:\/\/tunisie-rse.com\/index.php\/qui-sommes-nous\/","og_site_name":"RSE Tunisie","article_modified_time":"2022-08-05T10:46:35+00:00","twitter_card":"summary_large_image","twitter_misc":{"Dur\u00e9e de lecture estim\u00e9e":"1 minute"},"schema":{"@context":"https:\/\/schema.org","@graph":[{"@type":"WebPage","@id":"https:\/\/tunisie-rse.com\/index.php\/qui-sommes-nous\/","url":"https:\/\/tunisie-rse.com\/index.php\/qui-sommes-nous\/","name":"Qui sommes-nous - RSE Tunisie","isPartOf":{"@id":"https:\/\/tunisie-rse.com\/#website"},"datePublished":"2022-08-01T10:37:37+00:00","dateModified":"2022-08-05T10:46:35+00:00","breadcrumb":{"@id":"https:\/\/tunisie-rse.com\/index.php\/qui-sommes-nous\/#breadcrumb"},"inLanguage":"fr-FR","potentialAction":[{"@type":"ReadAction","target":["https:\/\/tunisie-rse.com\/index.php\/qui-sommes-nous\/"]}]},{"@type":"BreadcrumbList","@id":"https:\/\/tunisie-rse.com\/index.php\/qui-sommes-nous\/#breadcrumb","itemListElement":[{"@type":"ListItem","position":1,"name":"Accueil","item":"https:\/\/tunisie-rse.com\/"},{"@type":"ListItem","position":2,"name":"Qui sommes-nous"}]},{"@type":"WebSite","@id":"https:\/\/tunisie-rse.com\/#website","url":"https:\/\/tunisie-rse.com\/","name":"RSE Tunisie","description":"Le premier site que se sp\u00e9cialise dans de RSE en Tunisie","publisher":{"@id":"https:\/\/tunisie-rse.com\/#organization"},"potentialAction":[{"@type":"SearchAction","target":{"@type":"EntryPoint","urlTemplate":"https:\/\/tunisie-rse.com\/?s={search_term_string}"},"query-input":"required name=search_term_string"}],"inLanguage":"fr-FR"},{"@type":"Organization","@id":"https:\/\/tunisie-rse.com\/#organization","name":"RSE Tunisie","url":"https:\/\/tunisie-rse.com\/","logo":{"@type":"ImageObject","inLanguage":"fr-FR","@id":"https:\/\/tunisie-rse.com\/#\/schema\/logo\/image\/","url":"https:\/\/tunisie-rse.com\/wp-content\/uploads\/2022\/07\/logo-RSE.png","contentUrl":"https:\/\/tunisie-rse.com\/wp-content\/uploads\/2022\/07\/logo-RSE.png","width":1147,"height":1147,"caption":"RSE Tunisie"},"image":{"@id":"https:\/\/tunisie-rse.com\/#\/schema\/logo\/image\/"}}]}},"_links":{"self":[{"href":"https:\/\/tunisie-rse.com\/index.php\/wp-json\/wp\/v2\/pages\/1757","targetHints":{"allow":["GET"]}}],"collection":[{"href":"https:\/\/tunisie-rse.com\/index.php\/wp-json\/wp\/v2\/pages"}],"about":[{"href":"https:\/\/tunisie-rse.com\/index.php\/wp-json\/wp\/v2\/types\/page"}],"author":[{"embeddable":true,"href":"https:\/\/tunisie-rse.com\/index.php\/wp-json\/wp\/v2\/users\/1"}],"replies":[{"embeddable":true,"href":"https:\/\/tunisie-rse.com\/index.php\/wp-json\/wp\/v2\/comments?post=1757"}],"version-history":[{"count":5,"href":"https:\/\/tunisie-rse.com\/index.php\/wp-json\/wp\/v2\/pages\/1757\/revisions"}],"predecessor-version":[{"id":1879,"href":"https:\/\/tunisie-rse.com\/index.php\/wp-json\/wp\/v2\/pages\/1757\/revisions\/1879"}],"wp:attachment":[{"href":"https:\/\/tunisie-rse.com\/index.php\/wp-json\/wp\/v2\/media?parent=1757"}],"curies":[{"name":"wp","href":"https:\/\/api.w.org\/{rel}","templated":true}]}}